{"id":69,"date":"2020-10-18T04:30:56","date_gmt":"2020-10-18T04:30:56","guid":{"rendered":"http:\/\/trikol.cz\/eshop\/?post_type=product&#038;p=69"},"modified":"2021-05-15T19:27:50","modified_gmt":"2021-05-15T19:27:50","slug":"vw-passat-variant-1-6","status":"publish","type":"product","link":"http:\/\/trikol.cz\/eshop\/produkt\/vw-passat-variant-1-6\/","title":{"rendered":"VW Passat Variant 1.6"},"content":{"rendered":"<p>Typ karoserie: kombi<br \/>\nTyp: 3B\/3BG<br \/>\nPalivo: BA 95 Benz\u00edn<br \/>\nV\u00fdkon: 74 kW\/5600 ot\/min<br \/>\nObjem: 1595 cm3<br \/>\nBarva: st\u0159\u00edbrn\u00e1 metal\u00edza<br \/>\nPo\u010det m\u00edst: 5<br \/>\nPoh\u00e1n\u011bn\u00e1 n\u00e1prava: p\u0159edn\u00ed<br \/>\nP\u0159evodovka: manu\u00e1ln\u00ed<br \/>\nRok v\u00fdroby: 1999<br \/>\n\u010c\u00edslo vozu: xxx<\/p>\n","protected":false},"excerpt":{"rendered":"<p>Pro rychl\u00e9 vy\u0159\u00edzen\u00ed Va\u0161\u00ed popt\u00e1vky nebo dotazu n\u00e1s kontaktujte na tel. \u010d\u00edsle +420 602 879 129 nebo na emailu: trikol73@seznam.cz nebo pomoc\u00ed kontaktn\u00edho formul\u00e1\u0159e n\u00ed\u017ee.<\/p>\n[wpforms id=\"98\" title=\"true\" description=\"true\"]\n","protected":false},"featured_media":66,"template":"","meta":[],"_links":{"self":[{"href":"http:\/\/trikol.cz\/eshop\/wp-json\/wp\/v2\/product\/69"}],"collection":[{"href":"http:\/\/trikol.cz\/eshop\/wp-json\/wp\/v2\/product"}],"about":[{"href":"http:\/\/trikol.cz\/eshop\/wp-json\/wp\/v2\/types\/product"}],"wp:featuredmedia":[{"embeddable":true,"href":"http:\/\/trikol.cz\/eshop\/wp-json\/wp\/v2\/media\/66"}],"wp:attachment":[{"href":"http:\/\/trikol.cz\/eshop\/wp-json\/wp\/v2\/media?parent=69"}],"curies":[{"name":"wp","href":"https:\/\/api.w.org\/{rel}","templated":true}]}}