{"id":261,"date":"2020-11-12T05:45:55","date_gmt":"2020-11-12T05:45:55","guid":{"rendered":"http:\/\/trikol.cz\/eshop\/?post_type=product&#038;p=261"},"modified":"2021-05-15T19:22:55","modified_gmt":"2021-05-15T19:22:55","slug":"skoda-octavia","status":"publish","type":"product","link":"http:\/\/trikol.cz\/eshop\/produkt\/skoda-octavia\/","title":{"rendered":"\u0160koda Octavia"},"content":{"rendered":"<p>Typ karoserie: liftback<br \/>\nTyp: AGN<br \/>\nPalivo: benz\u00edn<br \/>\nV\u00fdkon: 92 kW\/6000 ot\/min<br \/>\nObjem: 1781 cm3<br \/>\nBarva: 9102 \u0161ed\u00e1 pastelov\u00e1 metal\u00edza<br \/>\nPo\u010det m\u00edst: 5<br \/>\nPoh\u00e1n\u011bn\u00e1 n\u00e1prava: p\u0159edn\u00ed<br \/>\nP\u0159evodovka: manu\u00e1ln\u00ed<br \/>\nRok v\u00fdroby: 1997<br \/>\n\u010c\u00edslo vozu: xxx<\/p>\n","protected":false},"excerpt":{"rendered":"<p>Pro rychl\u00e9 vy\u0159\u00edzen\u00ed Va\u0161\u00ed popt\u00e1vky nebo dotazu n\u00e1s kontaktujte na tel. \u010d\u00edsle +420 602 879 129 nebo na emailu: trikol73@seznam.cz nebo pomoc\u00ed kontaktn\u00edho formul\u00e1\u0159e n\u00ed\u017ee.<\/p>\n[wpforms id=\"98\" title=\"true\" description=\"true\"]\n","protected":false},"featured_media":263,"template":"","meta":[],"_links":{"self":[{"href":"http:\/\/trikol.cz\/eshop\/wp-json\/wp\/v2\/product\/261"}],"collection":[{"href":"http:\/\/trikol.cz\/eshop\/wp-json\/wp\/v2\/product"}],"about":[{"href":"http:\/\/trikol.cz\/eshop\/wp-json\/wp\/v2\/types\/product"}],"wp:featuredmedia":[{"embeddable":true,"href":"http:\/\/trikol.cz\/eshop\/wp-json\/wp\/v2\/media\/263"}],"wp:attachment":[{"href":"http:\/\/trikol.cz\/eshop\/wp-json\/wp\/v2\/media?parent=261"}],"curies":[{"name":"wp","href":"https:\/\/api.w.org\/{rel}","templated":true}]}}