{"id":255,"date":"2020-11-12T05:42:44","date_gmt":"2020-11-12T05:42:44","guid":{"rendered":"http:\/\/trikol.cz\/eshop\/?post_type=product&#038;p=255"},"modified":"2021-05-15T19:23:07","modified_gmt":"2021-05-15T19:23:07","slug":"skoda-octavia-ii-combi","status":"publish","type":"product","link":"http:\/\/trikol.cz\/eshop\/produkt\/skoda-octavia-ii-combi\/","title":{"rendered":"\u0160koda Octavia II Combi"},"content":{"rendered":"<p>Typ karoserie: kombi<br \/>\nTyp: 1Z ACBKDX01 NFM685<br \/>\nPalivo: nafta<br \/>\nV\u00fdkon: 103 kW\/4000 ot\/min<br \/>\nObjem: 1968 cm3<br \/>\nBarva: 9462 modr\u00e1 tmav\u00e1 metal\u00edza<br \/>\nPo\u010det m\u00edst: 5<br \/>\nPoh\u00e1n\u011bn\u00e1 n\u00e1prava: p\u0159edn\u00ed<br \/>\nP\u0159evodovka: manu\u00e1ln\u00ed<br \/>\nRok v\u00fdroby: 2007<br \/>\n\u010c\u00edslo vozu: xxx<\/p>\n","protected":false},"excerpt":{"rendered":"<p>Pro rychl\u00e9 vy\u0159\u00edzen\u00ed Va\u0161\u00ed popt\u00e1vky nebo dotazu n\u00e1s kontaktujte na tel. \u010d\u00edsle +420 602 879 129 nebo na emailu: trikol73@seznam.cz nebo pomoc\u00ed kontaktn\u00edho formul\u00e1\u0159e n\u00ed\u017ee.<\/p>\n[wpforms id=\"98\" title=\"true\" description=\"true\"]\n","protected":false},"featured_media":257,"template":"","meta":[],"_links":{"self":[{"href":"http:\/\/trikol.cz\/eshop\/wp-json\/wp\/v2\/product\/255"}],"collection":[{"href":"http:\/\/trikol.cz\/eshop\/wp-json\/wp\/v2\/product"}],"about":[{"href":"http:\/\/trikol.cz\/eshop\/wp-json\/wp\/v2\/types\/product"}],"wp:featuredmedia":[{"embeddable":true,"href":"http:\/\/trikol.cz\/eshop\/wp-json\/wp\/v2\/media\/257"}],"wp:attachment":[{"href":"http:\/\/trikol.cz\/eshop\/wp-json\/wp\/v2\/media?parent=255"}],"curies":[{"name":"wp","href":"https:\/\/api.w.org\/{rel}","templated":true}]}}